{"id":2003,"date":"2024-04-17T16:41:30","date_gmt":"2024-04-17T16:41:30","guid":{"rendered":"https:\/\/gaceta.uacj.mx\/fiestadeloslibros\/?page_id=2003"},"modified":"2024-04-18T19:43:21","modified_gmt":"2024-04-18T19:43:21","slug":"inicio3","status":"publish","type":"page","link":"https:\/\/gaceta.uacj.mx\/fiestadeloslibros\/","title":{"rendered":"Inicio24&#8212;"},"content":{"rendered":"\n<div style=\"height:100px\" aria-hidden=\"true\" class=\"wp-block-spacer\"><\/div>\n\n\n\n<div class=\"wp-block-genesis-blocks-gb-columns gb-layout-columns-3 gb-3-col-equal\"><div class=\"gb-layout-column-wrap gb-block-layout-column-gap-2 gb-is-responsive-column\">\n<div class=\"wp-block-genesis-blocks-gb-column gb-block-layout-column\"><div class=\"gb-block-layout-column-inner\">\n<hr class=\"wp-block-separator has-text-color has-background\" style=\"background-color:#0d4c90;color:#0d4c90\"\/>\n<\/div><\/div>\n\n\n\n<div class=\"wp-block-genesis-blocks-gb-column gb-block-layout-column\"><div class=\"gb-block-layout-column-inner\">\n<div class=\"wp-block-image\"><figure class=\"aligncenter size-large\"><img width=\"1000\" height=\"200\" src=\"https:\/\/gaceta.uacj.mx\/fiestadeloslibros\/wp-content\/uploads\/sites\/3\/2023\/03\/logouacjazulfiesta-2.png\" alt=\"\" class=\"wp-image-1543\" srcset=\"https:\/\/gaceta.uacj.mx\/fiestadeloslibros\/wp-content\/uploads\/sites\/3\/2023\/03\/logouacjazulfiesta-2.png 1000w, https:\/\/gaceta.uacj.mx\/fiestadeloslibros\/wp-content\/uploads\/sites\/3\/2023\/03\/logouacjazulfiesta-2-300x60.png 300w, https:\/\/gaceta.uacj.mx\/fiestadeloslibros\/wp-content\/uploads\/sites\/3\/2023\/03\/logouacjazulfiesta-2-768x154.png 768w, https:\/\/gaceta.uacj.mx\/fiestadeloslibros\/wp-content\/uploads\/sites\/3\/2023\/03\/logouacjazulfiesta-2-600x120.png 600w\" sizes=\"(max-width: 1000px) 100vw, 1000px\" \/><\/figure><\/div>\n<\/div><\/div>\n\n\n\n<div class=\"wp-block-genesis-blocks-gb-column gb-block-layout-column\"><div class=\"gb-block-layout-column-inner\">\n<hr class=\"wp-block-separator has-text-color has-background\" style=\"background-color:#0d4c90;color:#0d4c90\"\/>\n<\/div><\/div>\n<\/div><\/div>\n\n\n\n<div class=\"wp-block-nextend-smartslider3\"><\/div>\n\n\n\n<div style=\"height:1px\" aria-hidden=\"true\" class=\"wp-block-spacer\"><\/div>\n\n\n\n<div style=\"height:36px\" aria-hidden=\"true\" class=\"wp-block-spacer\"><\/div>\n\n\n\n<div class=\"wp-block-genesis-blocks-gb-columns gb-layout-columns-1 one-column gb-columns-center aligncenter\"><div class=\"gb-layout-column-wrap gb-block-layout-column-gap-0 gb-is-responsive-column\" style=\"max-width:1200px\">\n<div class=\"wp-block-genesis-blocks-gb-column gb-block-layout-column\"><div class=\"gb-block-layout-column-inner\">\n<div class=\"wp-block-genesis-blocks-gb-columns gb-layout-columns-1 one-column\"><div class=\"gb-layout-column-wrap gb-block-layout-column-gap-2 gb-is-responsive-column\">\n<div class=\"wp-block-genesis-blocks-gb-column gb-block-layout-column\"><div class=\"gb-block-layout-column-inner\">\n<div class=\"wp-block-buttons alignfull is-content-justification-center\">\n<div class=\"wp-block-button is-style-fill\"><a class=\"wp-block-button__link has-text-color has-background\" href=\"https:\/\/gaceta.uacj.mx\/fiestadeloslibros\/inicio3\/\" style=\"border-radius:50px;background-color:#26b6aa;color:#c72c68\" rel=\"noopener\">INICIO<\/a><\/div>\n\n\n\n<div class=\"wp-block-button\"><a class=\"wp-block-button__link has-text-color has-background\" href=\"https:\/\/gaceta.uacj.mx\/fiestadeloslibros\/programa2\/\" style=\"border-radius:50px;background-color:#26b6aa;color:#c72c68\" rel=\"noopener\">Programa<\/a><\/div>\n\n\n\n<div class=\"wp-block-button\"><a class=\"wp-block-button__link has-text-color has-background\" href=\"https:\/\/gaceta.uacj.mx\/fiestadeloslibros\/hablemosdelibros\/\" style=\"border-radius:50px;background-color:#26b6aa;color:#c72c68\" rel=\"noopener\">Hablemos de libros<\/a><\/div>\n\n\n\n<div class=\"wp-block-button\"><a class=\"wp-block-button__link has-text-color has-background\" href=\"https:\/\/gaceta.uacj.mx\/fiestadeloslibros\/antologia2024\/\" style=\"border-radius:50px;background-color:#26b6aa;color:#c72c68\" rel=\"noopener\">Antolog\u00eda Lee y Sue\u00f1a<\/a><\/div>\n\n\n\n<div class=\"wp-block-button\"><a class=\"wp-block-button__link has-text-color has-background\" href=\"https:\/\/gaceta.uacj.mx\/fiestadeloslibros\/actividadesartisticas5\/\" style=\"border-radius:50px;background-color:#26b6aa;color:#c72c68\" rel=\"noopener\">Actividades Art\u00edsticas<\/a><\/div>\n\n\n\n<div class=\"wp-block-button is-style-fill\"><a class=\"wp-block-button__link has-text-color has-background\" href=\"https:\/\/gaceta.uacj.mx\/fiestadeloslibros\/cineuniversitario6\/\" style=\"border-radius:50px;background-color:#26b6aa;color:#c72c68\" rel=\"noopener\">Cine Universitario<\/a><\/div>\n<\/div>\n<\/div><\/div>\n<\/div><\/div>\n<\/div><\/div>\n<\/div><\/div>\n\n\n\n<div style=\"height:20px\" aria-hidden=\"true\" class=\"wp-block-spacer\"><\/div>\n\n\n\n<div class=\"wp-block-genesis-blocks-gb-columns gb-layout-columns-3 gb-3-col-widecenter\"><div class=\"gb-layout-column-wrap gb-block-layout-column-gap-2 gb-is-responsive-column\">\n<div class=\"wp-block-genesis-blocks-gb-column gb-block-layout-column\"><div class=\"gb-block-layout-column-inner\">\n<p><\/p>\n<\/div><\/div>\n\n\n\n<div class=\"wp-block-genesis-blocks-gb-column gb-block-layout-column\"><div class=\"gb-block-layout-column-inner\">\n<div class=\"wp-block-image is-style-rounded\"><figure class=\"aligncenter size-large\"><img width=\"1024\" height=\"674\" src=\"https:\/\/gaceta.uacj.mx\/fiestadeloslibros\/wp-content\/uploads\/sites\/3\/2024\/04\/fondopaloma-2-1024x674-1.jpg\" alt=\"\" class=\"wp-image-2016\" srcset=\"https:\/\/gaceta.uacj.mx\/fiestadeloslibros\/wp-content\/uploads\/sites\/3\/2024\/04\/fondopaloma-2-1024x674-1.jpg 1024w, https:\/\/gaceta.uacj.mx\/fiestadeloslibros\/wp-content\/uploads\/sites\/3\/2024\/04\/fondopaloma-2-1024x674-1-300x197.jpg 300w, https:\/\/gaceta.uacj.mx\/fiestadeloslibros\/wp-content\/uploads\/sites\/3\/2024\/04\/fondopaloma-2-1024x674-1-768x506.jpg 768w, https:\/\/gaceta.uacj.mx\/fiestadeloslibros\/wp-content\/uploads\/sites\/3\/2024\/04\/fondopaloma-2-1024x674-1-600x395.jpg 600w\" sizes=\"(max-width: 1024px) 100vw, 1024px\" \/><\/figure><\/div>\n<\/div><\/div>\n\n\n\n<div class=\"wp-block-genesis-blocks-gb-column gb-block-layout-column\"><div class=\"gb-block-layout-column-inner\">\n<p><\/p>\n<\/div><\/div>\n<\/div><\/div>\n\n\n\n<div class=\"wp-block-genesis-blocks-gb-columns gb-layout-columns-1 one-column gb-columns-center aligncenter\"><div class=\"gb-layout-column-wrap gb-block-layout-column-gap-0 gb-is-responsive-column\" style=\"max-width:1200px\">\n<div class=\"wp-block-genesis-blocks-gb-column gb-block-layout-column\"><div class=\"gb-block-layout-column-inner\">\n<div class=\"wp-block-genesis-blocks-gb-columns gb-layout-columns-1 one-column gb-columns-center alignfull\"><div class=\"gb-layout-column-wrap gb-block-layout-column-gap-2 gb-is-responsive-column\" style=\"max-width:1200px\">\n<div class=\"wp-block-genesis-blocks-gb-column gb-block-layout-column\"><div class=\"gb-block-layout-column-inner\">\n<p><\/p>\n<\/div><\/div>\n<\/div><\/div>\n<\/div><\/div>\n<\/div><\/div>\n","protected":false},"excerpt":{"rendered":"INICIO Programa Hablemos de libros Antolog\u00eda Lee y Sue\u00f1a Actividades Art\u00edsticas Cine Universitario","protected":false},"author":2,"featured_media":0,"parent":0,"menu_order":0,"comment_status":"closed","ping_status":"closed","template":"","meta":{"_regular_price":[],"currency_symbol":[]},"post_slider_layout_featured_media_urls":{"thumbnail":"","post_slider_layout_landscape_large":"","post_slider_layout_portrait_large":"","post_slider_layout_square_large":"","post_slider_layout_landscape":"","post_slider_layout_portrait":"","post_slider_layout_square":"","full":""},"featured_image_src":null,"featured_image_src_square":null,"uagb_featured_image_src":{"full":false,"thumbnail":false,"medium":false,"medium_large":false,"large":false,"1536x1536":false,"2048x2048":false,"post_slider_layout_landscape_large":false,"post_slider_layout_portrait_large":false,"post_slider_layout_square_large":false,"post_slider_layout_landscape":false,"post_slider_layout_portrait":false,"post_slider_layout_square":false,"gb-block-post-grid-landscape":false,"gb-block-post-grid-square":false,"cptm_icon":false,"woocommerce_thumbnail":false,"woocommerce_single":false,"woocommerce_gallery_thumbnail":false,"shop_catalog":false,"shop_single":false,"shop_thumbnail":false},"uagb_author_info":{"display_name":"Redacci\u00f3n","author_link":"https:\/\/gaceta.uacj.mx\/fiestadeloslibros\/author\/melopez\/"},"uagb_comment_info":0,"uagb_excerpt":null,"_links":{"self":[{"href":"https:\/\/gaceta.uacj.mx\/fiestadeloslibros\/wp-json\/wp\/v2\/pages\/2003"}],"collection":[{"href":"https:\/\/gaceta.uacj.mx\/fiestadeloslibros\/wp-json\/wp\/v2\/pages"}],"about":[{"href":"https:\/\/gaceta.uacj.mx\/fiestadeloslibros\/wp-json\/wp\/v2\/types\/page"}],"author":[{"embeddable":true,"href":"https:\/\/gaceta.uacj.mx\/fiestadeloslibros\/wp-json\/wp\/v2\/users\/2"}],"replies":[{"embeddable":true,"href":"https:\/\/gaceta.uacj.mx\/fiestadeloslibros\/wp-json\/wp\/v2\/comments?post=2003"}],"version-history":[{"count":14,"href":"https:\/\/gaceta.uacj.mx\/fiestadeloslibros\/wp-json\/wp\/v2\/pages\/2003\/revisions"}],"predecessor-version":[{"id":2251,"href":"https:\/\/gaceta.uacj.mx\/fiestadeloslibros\/wp-json\/wp\/v2\/pages\/2003\/revisions\/2251"}],"wp:attachment":[{"href":"https:\/\/gaceta.uacj.mx\/fiestadeloslibros\/wp-json\/wp\/v2\/media?parent=2003"}],"curies":[{"name":"wp","href":"https:\/\/api.w.org\/{rel}","templated":true}]}}