{"id":1746,"date":"2023-04-19T20:48:23","date_gmt":"2023-04-19T20:48:23","guid":{"rendered":"https:\/\/gaceta.uacj.mx\/fiestadeloslibros\/?page_id=1746"},"modified":"2024-04-19T16:36:29","modified_gmt":"2024-04-19T16:36:29","slug":"cineuniversitario6","status":"publish","type":"page","link":"https:\/\/gaceta.uacj.mx\/fiestadeloslibros\/cineuniversitario6\/","title":{"rendered":"CineUniversitario6&#8211;"},"content":{"rendered":"\n<div style=\"height:100px\" aria-hidden=\"true\" class=\"wp-block-spacer\"><\/div>\n\n\n\n<div class=\"wp-block-genesis-blocks-gb-columns gb-layout-columns-3 gb-3-col-equal\"><div class=\"gb-layout-column-wrap gb-block-layout-column-gap-2 gb-is-responsive-column\">\n<div class=\"wp-block-genesis-blocks-gb-column gb-block-layout-column\"><div class=\"gb-block-layout-column-inner\">\n<hr class=\"wp-block-separator has-text-color has-background\" style=\"background-color:#0d4c90;color:#0d4c90\"\/>\n<\/div><\/div>\n\n\n\n<div class=\"wp-block-genesis-blocks-gb-column gb-block-layout-column\"><div class=\"gb-block-layout-column-inner\">\n<div class=\"wp-block-image\"><figure class=\"aligncenter size-large\"><img width=\"1000\" height=\"200\" src=\"https:\/\/gaceta.uacj.mx\/fiestadeloslibros\/wp-content\/uploads\/sites\/3\/2023\/03\/logouacjazulfiesta-2.png\" alt=\"\" class=\"wp-image-1543\" srcset=\"https:\/\/gaceta.uacj.mx\/fiestadeloslibros\/wp-content\/uploads\/sites\/3\/2023\/03\/logouacjazulfiesta-2.png 1000w, https:\/\/gaceta.uacj.mx\/fiestadeloslibros\/wp-content\/uploads\/sites\/3\/2023\/03\/logouacjazulfiesta-2-300x60.png 300w, https:\/\/gaceta.uacj.mx\/fiestadeloslibros\/wp-content\/uploads\/sites\/3\/2023\/03\/logouacjazulfiesta-2-768x154.png 768w, https:\/\/gaceta.uacj.mx\/fiestadeloslibros\/wp-content\/uploads\/sites\/3\/2023\/03\/logouacjazulfiesta-2-600x120.png 600w\" sizes=\"(max-width: 1000px) 100vw, 1000px\" \/><\/figure><\/div>\n<\/div><\/div>\n\n\n\n<div class=\"wp-block-genesis-blocks-gb-column gb-block-layout-column\"><div class=\"gb-block-layout-column-inner\">\n<hr class=\"wp-block-separator has-text-color has-background\" style=\"background-color:#0d4c90;color:#0d4c90\"\/>\n<\/div><\/div>\n<\/div><\/div>\n\n\n\n<div class=\"wp-block-nextend-smartslider3\"><\/div>\n\n\n\n<div style=\"height:1px\" aria-hidden=\"true\" class=\"wp-block-spacer\"><\/div>\n\n\n\n<div style=\"height:22px\" aria-hidden=\"true\" class=\"wp-block-spacer\"><\/div>\n\n\n\n<div class=\"wp-block-genesis-blocks-gb-columns gb-layout-columns-1 one-column\"><div class=\"gb-layout-column-wrap gb-block-layout-column-gap-2 gb-is-responsive-column\">\n<div class=\"wp-block-genesis-blocks-gb-column gb-block-layout-column\"><div class=\"gb-block-layout-column-inner\">\n<div class=\"wp-block-genesis-blocks-gb-columns gb-layout-columns-1 one-column\"><div class=\"gb-layout-column-wrap gb-block-layout-column-gap-2 gb-is-responsive-column\">\n<div class=\"wp-block-genesis-blocks-gb-column gb-block-layout-column\"><div class=\"gb-block-layout-column-inner\">\n<div class=\"wp-block-genesis-blocks-gb-columns gb-layout-columns-1 one-column gb-columns-center aligncenter\"><div class=\"gb-layout-column-wrap gb-block-layout-column-gap-0 gb-is-responsive-column\" style=\"max-width:1200px\">\n<div class=\"wp-block-genesis-blocks-gb-column gb-block-layout-column\"><div class=\"gb-block-layout-column-inner\">\n<div class=\"wp-block-genesis-blocks-gb-columns gb-layout-columns-1 one-column\"><div class=\"gb-layout-column-wrap gb-block-layout-column-gap-2 gb-is-responsive-column\">\n<div class=\"wp-block-genesis-blocks-gb-column gb-block-layout-column\"><div class=\"gb-block-layout-column-inner\">\n<div class=\"wp-block-buttons alignfull is-content-justification-center\">\n<div class=\"wp-block-button is-style-fill\"><a class=\"wp-block-button__link has-text-color has-background\" href=\"https:\/\/gaceta.uacj.mx\/fiestadeloslibros\/inicio3\/\" style=\"border-radius:50px;background-color:#26b6aa;color:#c72c68\" rel=\"noopener\">INICIO<\/a><\/div>\n\n\n\n<div class=\"wp-block-button\"><a class=\"wp-block-button__link has-text-color has-background\" href=\"https:\/\/gaceta.uacj.mx\/fiestadeloslibros\/programa2\/\" style=\"border-radius:50px;background-color:#26b6aa;color:#c72c68\" rel=\"noopener\">Programa<\/a><\/div>\n\n\n\n<div class=\"wp-block-button\"><a class=\"wp-block-button__link has-text-color has-background\" href=\"https:\/\/gaceta.uacj.mx\/fiestadeloslibros\/hablemosdelibros\/\" style=\"border-radius:50px;background-color:#26b6aa;color:#c72c68\" rel=\"noopener\">Hablemos de libros<\/a><\/div>\n\n\n\n<div class=\"wp-block-button\"><a class=\"wp-block-button__link has-text-color has-background\" href=\"https:\/\/gaceta.uacj.mx\/fiestadeloslibros\/antologia2024\/\" style=\"border-radius:50px;background-color:#26b6aa;color:#c72c68\" rel=\"noopener\">Antolog\u00eda Lee y Sue\u00f1a<\/a><\/div>\n\n\n\n<div class=\"wp-block-button\"><a class=\"wp-block-button__link has-text-color has-background\" href=\"https:\/\/gaceta.uacj.mx\/fiestadeloslibros\/actividadesartisticas5\/\" style=\"border-radius:50px;background-color:#26b6aa;color:#c72c68\" rel=\"noopener\">Actividades Art\u00edsticas<\/a><\/div>\n\n\n\n<div class=\"wp-block-button is-style-fill\"><a class=\"wp-block-button__link has-text-color has-background\" href=\"https:\/\/gaceta.uacj.mx\/fiestadeloslibros\/cineuniversitario6\/\" style=\"border-radius:50px;background-color:#26b6aa;color:#c72c68\" rel=\"noopener\">Cine Universitario<\/a><\/div>\n<\/div>\n<\/div><\/div>\n<\/div><\/div>\n<\/div><\/div>\n<\/div><\/div>\n\n\n\n<p><\/p>\n<\/div><\/div>\n<\/div><\/div>\n<\/div><\/div>\n<\/div><\/div>\n\n\n\n<div style=\"height:22px\" aria-hidden=\"true\" class=\"wp-block-spacer\"><\/div>\n\n\n\n<div style=\"height:22px\" aria-hidden=\"true\" class=\"wp-block-spacer\"><\/div>\n\n\n\n<div class=\"wp-block-genesis-blocks-gb-columns gb-layout-columns-1 one-column gb-has-custom-background-color alignfull\" style=\"background-color:#26b6aa\"><div class=\"gb-layout-column-wrap gb-block-layout-column-gap-2 gb-is-responsive-column\">\n<div class=\"wp-block-genesis-blocks-gb-column gb-block-layout-column\"><div class=\"gb-block-layout-column-inner gb-has-custom-background-color\" style=\"background-color:#26b6aa\">\n<div class=\"wp-block-genesis-blocks-gb-columns gb-layout-columns-3 gb-3-col-widecenter gb-has-custom-background-color\" style=\"background-color:#26b6aa\"><div class=\"gb-layout-column-wrap gb-block-layout-column-gap-2 gb-is-responsive-column\">\n<div class=\"wp-block-genesis-blocks-gb-column gb-block-layout-column\"><div class=\"gb-block-layout-column-inner\">\n<p><\/p>\n<\/div><\/div>\n\n\n\n<div class=\"wp-block-genesis-blocks-gb-column gb-block-layout-column\"><div class=\"gb-block-layout-column-inner\">\n<div class=\"wp-block-genesis-blocks-gb-columns gb-layout-columns-1 one-column\"><div class=\"gb-layout-column-wrap gb-block-layout-column-gap-2 gb-is-responsive-column\">\n<div class=\"wp-block-genesis-blocks-gb-column gb-block-layout-column\"><div class=\"gb-block-layout-column-inner\" style=\"margin-top:26px;margin-bottom:21px\">\n<div class=\"wp-block-genesis-blocks-gb-columns gb-layout-columns-1 one-column\"><div class=\"gb-layout-column-wrap gb-block-layout-column-gap-2 gb-is-responsive-column\">\n<div class=\"wp-block-genesis-blocks-gb-column gb-block-layout-column gb-is-vertically-aligned-top\"><div class=\"gb-block-layout-column-inner\">\n<div class=\"wp-block-genesis-blocks-gb-columns gb-layout-columns-1 one-column\"><div class=\"gb-layout-column-wrap gb-block-layout-column-gap-2 gb-is-responsive-column\">\n<div class=\"wp-block-genesis-blocks-gb-column gb-block-layout-column\"><div class=\"gb-block-layout-column-inner\">\n<div class=\"wp-block-genesis-blocks-gb-columns gb-layout-columns-1 one-column\"><div class=\"gb-layout-column-wrap gb-block-layout-column-gap-2 gb-is-responsive-column\">\n<div class=\"wp-block-genesis-blocks-gb-column gb-block-layout-column\"><div class=\"gb-block-layout-column-inner\">\n<div class=\"wp-block-genesis-blocks-gb-columns gb-layout-columns-1 one-column\"><div class=\"gb-layout-column-wrap gb-block-layout-column-gap-2 gb-is-responsive-column\">\n<div class=\"wp-block-genesis-blocks-gb-column gb-block-layout-column\"><div class=\"gb-block-layout-column-inner\">\n<h1 class=\"has-text-align-center\"><strong>Cine Universitario<\/strong><\/h1>\n\n\n\n<h4 class=\"has-text-align-center\"><strong><strong>Sala Arturo Ripstein<\/strong><\/strong><br>Centro Cultural de las Fronteras<\/h4>\n\n\n\n<div style=\"height:29px\" aria-hidden=\"true\" class=\"wp-block-spacer\"><\/div>\n\n\n\n<hr class=\"wp-block-separator has-text-color has-background has-white-background-color has-white-color\"\/>\n\n\n\n<div class=\"wp-block-genesis-blocks-gb-columns gb-layout-columns-1 one-column\"><div class=\"gb-layout-column-wrap gb-block-layout-column-gap-2 gb-is-responsive-column\">\n<div class=\"wp-block-genesis-blocks-gb-column gb-block-layout-column\"><div class=\"gb-block-layout-column-inner\">\n<div class=\"wp-block-genesis-blocks-gb-columns gb-layout-columns-2 gb-2-col-wideright\"><div class=\"gb-layout-column-wrap gb-block-layout-column-gap-2 gb-is-responsive-column\">\n<div class=\"wp-block-genesis-blocks-gb-column gb-block-layout-column\"><div class=\"gb-block-layout-column-inner\" style=\"text-align:center\">\n<figure class=\"wp-block-image size-large is-resized is-style-rounded\"><img src=\"https:\/\/gaceta.uacj.mx\/fiestadeloslibros\/wp-content\/uploads\/sites\/3\/2024\/04\/fondofiesta24-2-1024x506.png\" alt=\"\" class=\"wp-image-2028\" width=\"150\" height=\"150\" srcset=\"https:\/\/gaceta.uacj.mx\/fiestadeloslibros\/wp-content\/uploads\/sites\/3\/2024\/04\/fondofiesta24-2-150x150.png 150w, https:\/\/gaceta.uacj.mx\/fiestadeloslibros\/wp-content\/uploads\/sites\/3\/2024\/04\/fondofiesta24-2-600x600.png 600w, https:\/\/gaceta.uacj.mx\/fiestadeloslibros\/wp-content\/uploads\/sites\/3\/2024\/04\/fondofiesta24-2-16x16.png 16w, https:\/\/gaceta.uacj.mx\/fiestadeloslibros\/wp-content\/uploads\/sites\/3\/2024\/04\/fondofiesta24-2-300x300.png 300w, https:\/\/gaceta.uacj.mx\/fiestadeloslibros\/wp-content\/uploads\/sites\/3\/2024\/04\/fondofiesta24-2-100x100.png 100w\" sizes=\"(max-width: 150px) 100vw, 150px\" \/><\/figure>\n\n\n\n<div class=\"wp-block-genesis-blocks-gb-columns gb-layout-columns-1 one-column\"><div class=\"gb-layout-column-wrap gb-block-layout-column-gap-2 gb-is-responsive-column\">\n<div class=\"wp-block-genesis-blocks-gb-column gb-block-layout-column\"><div class=\"gb-block-layout-column-inner\">\n<h3 class=\"has-text-align-center\" id=\"block-6651faf3-9ea8-4cfa-9260-38a4caa9e65c\"><strong>24 de abril<br>6:00 p. m.<\/strong><\/h3>\n<\/div><\/div>\n<\/div><\/div>\n<\/div><\/div>\n\n\n\n<div class=\"wp-block-genesis-blocks-gb-column gb-block-layout-column\"><div class=\"gb-block-layout-column-inner\">\n<h2>Ciencia en Cine<strong><br><strong>The boy in the plastic bubble<\/strong><br><\/strong>(El chico de la burbuja)<\/h2>\n\n\n\n<h4 id=\"block-66dbeeb8-3cd4-46a2-8713-67b735b663bb\">Dir. Randal Kleiser<br>Abierto a todo el p\u00fablico<br><strong>Comentarista:<\/strong> Dra. Brenda Lizbeth Estrada (ICB)<\/h4>\n<\/div><\/div>\n<\/div><\/div>\n<\/div><\/div>\n<\/div><\/div>\n<\/div><\/div>\n<\/div><\/div>\n\n\n\n<div class=\"wp-block-genesis-blocks-gb-columns gb-layout-columns-1 one-column\"><div class=\"gb-layout-column-wrap gb-block-layout-column-gap-2 gb-is-responsive-column\">\n<div class=\"wp-block-genesis-blocks-gb-column gb-block-layout-column gb-is-vertically-aligned-top\"><div class=\"gb-block-layout-column-inner\">\n<div class=\"wp-block-genesis-blocks-gb-columns gb-layout-columns-1 one-column\"><div class=\"gb-layout-column-wrap gb-block-layout-column-gap-2 gb-is-responsive-column\">\n<div class=\"wp-block-genesis-blocks-gb-column gb-block-layout-column\"><div class=\"gb-block-layout-column-inner\">\n<hr class=\"wp-block-separator has-text-color has-background has-white-background-color has-white-color\"\/>\n\n\n\n<div class=\"wp-block-genesis-blocks-gb-columns gb-layout-columns-2 gb-2-col-wideright\"><div class=\"gb-layout-column-wrap gb-block-layout-column-gap-2 gb-is-responsive-column\">\n<div class=\"wp-block-genesis-blocks-gb-column gb-block-layout-column\"><div class=\"gb-block-layout-column-inner\" style=\"text-align:center\">\n<figure class=\"wp-block-image size-large is-resized is-style-rounded\"><a href=\"https:\/\/gaceta.uacj.mx\/fiestadeloslibros\/wp-content\/uploads\/sites\/3\/2024\/04\/Jodorowskys-Dune-1.jpg\" target=\"_blank\" rel=\"noopener\"><img src=\"https:\/\/gaceta.uacj.mx\/fiestadeloslibros\/wp-content\/uploads\/sites\/3\/2024\/04\/Jodorowskys-Dune-1-1024x1024.jpg\" alt=\"\" class=\"wp-image-2277\" width=\"150\" height=\"150\" srcset=\"https:\/\/gaceta.uacj.mx\/fiestadeloslibros\/wp-content\/uploads\/sites\/3\/2024\/04\/Jodorowskys-Dune-1-1024x1024.jpg 1024w, https:\/\/gaceta.uacj.mx\/fiestadeloslibros\/wp-content\/uploads\/sites\/3\/2024\/04\/Jodorowskys-Dune-1-300x300.jpg 300w, https:\/\/gaceta.uacj.mx\/fiestadeloslibros\/wp-content\/uploads\/sites\/3\/2024\/04\/Jodorowskys-Dune-1-150x150.jpg 150w, https:\/\/gaceta.uacj.mx\/fiestadeloslibros\/wp-content\/uploads\/sites\/3\/2024\/04\/Jodorowskys-Dune-1-768x768.jpg 768w, https:\/\/gaceta.uacj.mx\/fiestadeloslibros\/wp-content\/uploads\/sites\/3\/2024\/04\/Jodorowskys-Dune-1-1200x1200.jpg 1200w, https:\/\/gaceta.uacj.mx\/fiestadeloslibros\/wp-content\/uploads\/sites\/3\/2024\/04\/Jodorowskys-Dune-1-600x600.jpg 600w, https:\/\/gaceta.uacj.mx\/fiestadeloslibros\/wp-content\/uploads\/sites\/3\/2024\/04\/Jodorowskys-Dune-1-16x16.jpg 16w, https:\/\/gaceta.uacj.mx\/fiestadeloslibros\/wp-content\/uploads\/sites\/3\/2024\/04\/Jodorowskys-Dune-1-100x100.jpg 100w, https:\/\/gaceta.uacj.mx\/fiestadeloslibros\/wp-content\/uploads\/sites\/3\/2024\/04\/Jodorowskys-Dune-1.jpg 1366w\" sizes=\"(max-width: 150px) 100vw, 150px\" \/><\/a><\/figure>\n\n\n\n<div class=\"wp-block-genesis-blocks-gb-columns gb-layout-columns-1 one-column\"><div class=\"gb-layout-column-wrap gb-block-layout-column-gap-2 gb-is-responsive-column\">\n<div class=\"wp-block-genesis-blocks-gb-column gb-block-layout-column\"><div class=\"gb-block-layout-column-inner\">\n<h3 class=\"has-text-align-center\" id=\"block-6651faf3-9ea8-4cfa-9260-38a4caa9e65c\"><strong>25 de abril<br>6:00 p. m.<\/strong><\/h3>\n<\/div><\/div>\n<\/div><\/div>\n<\/div><\/div>\n\n\n\n<div class=\"wp-block-genesis-blocks-gb-column gb-block-layout-column\"><div class=\"gb-block-layout-column-inner\">\n<h2><strong><strong><strong>Jodorowsky&#8217;s Dune<\/strong><br><\/strong><\/strong>(Dune de Jodorowsky)<\/h2>\n\n\n\n<h4 id=\"block-66dbeeb8-3cd4-46a2-8713-67b735b663bb\">Dir. Frank Pavich<br>Abierto a todo el p\u00fablico<br><strong>Comentarista:<\/strong> Lic. Erick Arenas (Cine Universitario UACJ)<\/h4>\n<\/div><\/div>\n<\/div><\/div>\n\n\n\n<hr class=\"wp-block-separator has-text-color has-background has-white-background-color has-white-color\"\/>\n<\/div><\/div>\n<\/div><\/div>\n\n\n\n<div class=\"wp-block-genesis-blocks-gb-columns gb-layout-columns-1 one-column\"><div class=\"gb-layout-column-wrap gb-block-layout-column-gap-2 gb-is-responsive-column\">\n<div class=\"wp-block-genesis-blocks-gb-column gb-block-layout-column\"><div class=\"gb-block-layout-column-inner\">\n<div class=\"wp-block-genesis-blocks-gb-columns gb-layout-columns-2 gb-2-col-wideright\"><div class=\"gb-layout-column-wrap gb-block-layout-column-gap-2 gb-is-responsive-column\">\n<div class=\"wp-block-genesis-blocks-gb-column gb-block-layout-column\"><div class=\"gb-block-layout-column-inner\" style=\"text-align:center\">\n<figure class=\"wp-block-image size-large is-resized is-style-rounded\"><a href=\"https:\/\/gaceta.uacj.mx\/fiestadeloslibros\/wp-content\/uploads\/sites\/3\/2024\/04\/Ponentes-1.jpg\" target=\"_blank\" rel=\"noopener\"><img src=\"https:\/\/gaceta.uacj.mx\/fiestadeloslibros\/wp-content\/uploads\/sites\/3\/2024\/04\/Ponentes-1-1021x1024.jpg\" alt=\"\" class=\"wp-image-2274\" width=\"150\" height=\"150\" srcset=\"https:\/\/gaceta.uacj.mx\/fiestadeloslibros\/wp-content\/uploads\/sites\/3\/2024\/04\/Ponentes-1-1021x1024.jpg 1021w, https:\/\/gaceta.uacj.mx\/fiestadeloslibros\/wp-content\/uploads\/sites\/3\/2024\/04\/Ponentes-1-300x300.jpg 300w, https:\/\/gaceta.uacj.mx\/fiestadeloslibros\/wp-content\/uploads\/sites\/3\/2024\/04\/Ponentes-1-150x150.jpg 150w, https:\/\/gaceta.uacj.mx\/fiestadeloslibros\/wp-content\/uploads\/sites\/3\/2024\/04\/Ponentes-1-768x770.jpg 768w, https:\/\/gaceta.uacj.mx\/fiestadeloslibros\/wp-content\/uploads\/sites\/3\/2024\/04\/Ponentes-1-1531x1536.jpg 1531w, https:\/\/gaceta.uacj.mx\/fiestadeloslibros\/wp-content\/uploads\/sites\/3\/2024\/04\/Ponentes-1-1200x1200.jpg 1200w, https:\/\/gaceta.uacj.mx\/fiestadeloslibros\/wp-content\/uploads\/sites\/3\/2024\/04\/Ponentes-1-600x602.jpg 600w, https:\/\/gaceta.uacj.mx\/fiestadeloslibros\/wp-content\/uploads\/sites\/3\/2024\/04\/Ponentes-1-16x16.jpg 16w, https:\/\/gaceta.uacj.mx\/fiestadeloslibros\/wp-content\/uploads\/sites\/3\/2024\/04\/Ponentes-1-100x100.jpg 100w, https:\/\/gaceta.uacj.mx\/fiestadeloslibros\/wp-content\/uploads\/sites\/3\/2024\/04\/Ponentes-1.jpg 1993w\" sizes=\"(max-width: 150px) 100vw, 150px\" \/><\/a><\/figure>\n\n\n\n<div class=\"wp-block-genesis-blocks-gb-columns gb-layout-columns-1 one-column\"><div class=\"gb-layout-column-wrap gb-block-layout-column-gap-2 gb-is-responsive-column\">\n<div class=\"wp-block-genesis-blocks-gb-column gb-block-layout-column\"><div class=\"gb-block-layout-column-inner\">\n<h3 class=\"has-text-align-center\" id=\"block-6651faf3-9ea8-4cfa-9260-38a4caa9e65c\"><strong>26 de abril<br>6:00 p. m.<\/strong><\/h3>\n<\/div><\/div>\n<\/div><\/div>\n<\/div><\/div>\n\n\n\n<div class=\"wp-block-genesis-blocks-gb-column gb-block-layout-column\"><div class=\"gb-block-layout-column-inner\">\n<h2>Coloquio de Divulgaci\u00f3n Cient\u00edfica<strong><strong><strong><br><strong>Mitos y realidades de la ciencia<\/strong><\/strong><\/strong><\/strong><\/h2>\n\n\n\n<h4 id=\"block-66dbeeb8-3cd4-46a2-8713-67b735b663bb\">Abierto a todo el p\u00fablico<br><strong>Comentaristas:<\/strong><br>Dra. Viridiana Laredo Tiscare\u00f1o (Divulgaci\u00f3n Cient\u00edfica UACJ)<br>Dra. Karen Yael Castrej\u00f3n Parga (IIT)<br>Dr. Javier Alfonso Garza Hern\u00e1ndez (ICB)<br>Dr. Pablo Antonio Lav\u00edn Murcio (ICB)<\/h4>\n<\/div><\/div>\n<\/div><\/div>\n\n\n\n<hr class=\"wp-block-separator has-text-color has-background has-white-background-color has-white-color\"\/>\n\n\n\n<div class=\"wp-block-genesis-blocks-gb-columns gb-layout-columns-1 one-column\"><div class=\"gb-layout-column-wrap gb-block-layout-column-gap-2 gb-is-responsive-column\">\n<div class=\"wp-block-genesis-blocks-gb-column gb-block-layout-column\"><div class=\"gb-block-layout-column-inner\">\n<div class=\"wp-block-genesis-blocks-gb-columns gb-layout-columns-2 gb-2-col-wideright\"><div class=\"gb-layout-column-wrap gb-block-layout-column-gap-2 gb-is-responsive-column\">\n<div class=\"wp-block-genesis-blocks-gb-column gb-block-layout-column\"><div class=\"gb-block-layout-column-inner\" style=\"text-align:center\">\n<figure class=\"wp-block-image size-large is-resized is-style-rounded\"><a href=\"https:\/\/gaceta.uacj.mx\/fiestadeloslibros\/wp-content\/uploads\/sites\/3\/2024\/04\/Ruby-sparks-1.jpg\" target=\"_blank\" rel=\"noopener\"><img src=\"https:\/\/gaceta.uacj.mx\/fiestadeloslibros\/wp-content\/uploads\/sites\/3\/2024\/04\/Ruby-sparks-1-1024x1024.jpg\" alt=\"\" class=\"wp-image-2278\" width=\"150\" height=\"150\" srcset=\"https:\/\/gaceta.uacj.mx\/fiestadeloslibros\/wp-content\/uploads\/sites\/3\/2024\/04\/Ruby-sparks-1-1024x1024.jpg 1024w, https:\/\/gaceta.uacj.mx\/fiestadeloslibros\/wp-content\/uploads\/sites\/3\/2024\/04\/Ruby-sparks-1-300x300.jpg 300w, https:\/\/gaceta.uacj.mx\/fiestadeloslibros\/wp-content\/uploads\/sites\/3\/2024\/04\/Ruby-sparks-1-150x150.jpg 150w, https:\/\/gaceta.uacj.mx\/fiestadeloslibros\/wp-content\/uploads\/sites\/3\/2024\/04\/Ruby-sparks-1-768x768.jpg 768w, https:\/\/gaceta.uacj.mx\/fiestadeloslibros\/wp-content\/uploads\/sites\/3\/2024\/04\/Ruby-sparks-1-1200x1200.jpg 1200w, https:\/\/gaceta.uacj.mx\/fiestadeloslibros\/wp-content\/uploads\/sites\/3\/2024\/04\/Ruby-sparks-1-600x600.jpg 600w, https:\/\/gaceta.uacj.mx\/fiestadeloslibros\/wp-content\/uploads\/sites\/3\/2024\/04\/Ruby-sparks-1-16x16.jpg 16w, https:\/\/gaceta.uacj.mx\/fiestadeloslibros\/wp-content\/uploads\/sites\/3\/2024\/04\/Ruby-sparks-1-100x100.jpg 100w, https:\/\/gaceta.uacj.mx\/fiestadeloslibros\/wp-content\/uploads\/sites\/3\/2024\/04\/Ruby-sparks-1.jpg 1366w\" sizes=\"(max-width: 150px) 100vw, 150px\" \/><\/a><\/figure>\n\n\n\n<div class=\"wp-block-genesis-blocks-gb-columns gb-layout-columns-1 one-column\"><div class=\"gb-layout-column-wrap gb-block-layout-column-gap-2 gb-is-responsive-column\">\n<div class=\"wp-block-genesis-blocks-gb-column gb-block-layout-column\"><div class=\"gb-block-layout-column-inner\">\n<h3 class=\"has-text-align-center\" id=\"block-6651faf3-9ea8-4cfa-9260-38a4caa9e65c\"><strong>27 de abril<br>6:00 p. m.<\/strong><\/h3>\n<\/div><\/div>\n<\/div><\/div>\n<\/div><\/div>\n\n\n\n<div class=\"wp-block-genesis-blocks-gb-column gb-block-layout-column\"><div class=\"gb-block-layout-column-inner\">\n<h2><strong><strong><strong><strong>Ruby Sparks<\/strong><br><\/strong><\/strong><\/strong>(Ruby, la chica de mis sue\u00f1os)<\/h2>\n\n\n\n<h4 id=\"block-66dbeeb8-3cd4-46a2-8713-67b735b663bb\">Dir. Valerie Faris y Jonathan Dayton<br>Adolescentes y adultos<\/h4>\n<\/div><\/div>\n<\/div><\/div>\n\n\n\n<div style=\"height:9px\" aria-hidden=\"true\" class=\"wp-block-spacer\"><\/div>\n\n\n\n<hr class=\"wp-block-separator has-text-color has-background has-white-background-color has-white-color\"\/>\n\n\n\n<div style=\"height:76px\" aria-hidden=\"true\" class=\"wp-block-spacer\"><\/div>\n<\/div><\/div>\n<\/div><\/div>\n<\/div><\/div>\n<\/div><\/div>\n<\/div><\/div>\n<\/div><\/div>\n<\/div><\/div>\n<\/div><\/div>\n<\/div><\/div>\n<\/div><\/div>\n<\/div><\/div>\n<\/div><\/div>\n\n\n\n<div class=\"wp-block-genesis-blocks-gb-columns gb-layout-columns-1 one-column\"><div class=\"gb-layout-column-wrap gb-block-layout-column-gap-2 gb-is-responsive-column\">\n<div class=\"wp-block-genesis-blocks-gb-column gb-block-layout-column\"><div class=\"gb-block-layout-column-inner\">\n<figure class=\"wp-block-image size-large\"><img width=\"1018\" height=\"407\" src=\"https:\/\/gaceta.uacj.mx\/fiestadeloslibros\/wp-content\/uploads\/sites\/3\/2024\/04\/fondopie2.png\" alt=\"\" class=\"wp-image-2075\" srcset=\"https:\/\/gaceta.uacj.mx\/fiestadeloslibros\/wp-content\/uploads\/sites\/3\/2024\/04\/fondopie2.png 1018w, https:\/\/gaceta.uacj.mx\/fiestadeloslibros\/wp-content\/uploads\/sites\/3\/2024\/04\/fondopie2-300x120.png 300w, https:\/\/gaceta.uacj.mx\/fiestadeloslibros\/wp-content\/uploads\/sites\/3\/2024\/04\/fondopie2-768x307.png 768w, https:\/\/gaceta.uacj.mx\/fiestadeloslibros\/wp-content\/uploads\/sites\/3\/2024\/04\/fondopie2-600x240.png 600w\" sizes=\"(max-width: 1018px) 100vw, 1018px\" \/><\/figure>\n\n\n\n<div class=\"wp-block-genesis-blocks-gb-columns gb-layout-columns-1 one-column\"><div class=\"gb-layout-column-wrap gb-block-layout-column-gap-2 gb-is-responsive-column\">\n<div class=\"wp-block-genesis-blocks-gb-column gb-block-layout-column\"><div class=\"gb-block-layout-column-inner\">\n<div class=\"wp-block-genesis-blocks-gb-columns gb-layout-columns-1 one-column\"><div class=\"gb-layout-column-wrap gb-block-layout-column-gap-2 gb-is-responsive-column\">\n<div class=\"wp-block-genesis-blocks-gb-column gb-block-layout-column\"><div class=\"gb-block-layout-column-inner\">\n<p><\/p>\n<\/div><\/div>\n<\/div><\/div>\n<\/div><\/div>\n<\/div><\/div>\n<\/div><\/div>\n<\/div><\/div>\n<\/div><\/div>\n<\/div><\/div>\n<\/div><\/div>\n\n\n\n<div class=\"wp-block-genesis-blocks-gb-column gb-block-layout-column\"><div class=\"gb-block-layout-column-inner\">\n<div class=\"wp-block-genesis-blocks-gb-columns gb-layout-columns-1 one-column\"><div class=\"gb-layout-column-wrap gb-block-layout-column-gap-2 gb-is-responsive-column\">\n<div class=\"wp-block-genesis-blocks-gb-column gb-block-layout-column\"><div class=\"gb-block-layout-column-inner\"><\/div><\/div>\n<\/div><\/div>\n<\/div><\/div>\n<\/div><\/div>\n<\/div><\/div>\n<\/div><\/div>\n\n\n\n<p><\/p>\n","protected":false},"excerpt":{"rendered":"INICIO Programa Hablemos de libros Antolog\u00eda Lee y Sue\u00f1a Actividades Art\u00edsticas Cine Universitario Cine Universitario Sala Arturo RipsteinCentro Cultural de las Fronteras 24 de abril6:00 p. m. Ciencia en CineThe &hellip;<p class=\"read-more\"> <a class=\"\" href=\"https:\/\/gaceta.uacj.mx\/fiestadeloslibros\/cineuniversitario6\/\"> <span class=\"screen-reader-text\">CineUniversitario6&#8211;<\/span> Leer m\u00e1s &raquo;<\/a><\/p>","protected":false},"author":2,"featured_media":0,"parent":0,"menu_order":0,"comment_status":"closed","ping_status":"closed","template":"","meta":{"_regular_price":[],"currency_symbol":[]},"post_slider_layout_featured_media_urls":{"thumbnail":"","post_slider_layout_landscape_large":"","post_slider_layout_portrait_large":"","post_slider_layout_square_large":"","post_slider_layout_landscape":"","post_slider_layout_portrait":"","post_slider_layout_square":"","full":""},"featured_image_src":null,"featured_image_src_square":null,"uagb_featured_image_src":{"full":false,"thumbnail":false,"medium":false,"medium_large":false,"large":false,"1536x1536":false,"2048x2048":false,"post_slider_layout_landscape_large":false,"post_slider_layout_portrait_large":false,"post_slider_layout_square_large":false,"post_slider_layout_landscape":false,"post_slider_layout_portrait":false,"post_slider_layout_square":false,"gb-block-post-grid-landscape":false,"gb-block-post-grid-square":false,"cptm_icon":false,"woocommerce_thumbnail":false,"woocommerce_single":false,"woocommerce_gallery_thumbnail":false,"shop_catalog":false,"shop_single":false,"shop_thumbnail":false},"uagb_author_info":{"display_name":"Redacci\u00f3n","author_link":"https:\/\/gaceta.uacj.mx\/fiestadeloslibros\/author\/melopez\/"},"uagb_comment_info":0,"uagb_excerpt":null,"_links":{"self":[{"href":"https:\/\/gaceta.uacj.mx\/fiestadeloslibros\/wp-json\/wp\/v2\/pages\/1746"}],"collection":[{"href":"https:\/\/gaceta.uacj.mx\/fiestadeloslibros\/wp-json\/wp\/v2\/pages"}],"about":[{"href":"https:\/\/gaceta.uacj.mx\/fiestadeloslibros\/wp-json\/wp\/v2\/types\/page"}],"author":[{"embeddable":true,"href":"https:\/\/gaceta.uacj.mx\/fiestadeloslibros\/wp-json\/wp\/v2\/users\/2"}],"replies":[{"embeddable":true,"href":"https:\/\/gaceta.uacj.mx\/fiestadeloslibros\/wp-json\/wp\/v2\/comments?post=1746"}],"version-history":[{"count":39,"href":"https:\/\/gaceta.uacj.mx\/fiestadeloslibros\/wp-json\/wp\/v2\/pages\/1746\/revisions"}],"predecessor-version":[{"id":2287,"href":"https:\/\/gaceta.uacj.mx\/fiestadeloslibros\/wp-json\/wp\/v2\/pages\/1746\/revisions\/2287"}],"wp:attachment":[{"href":"https:\/\/gaceta.uacj.mx\/fiestadeloslibros\/wp-json\/wp\/v2\/media?parent=1746"}],"curies":[{"name":"wp","href":"https:\/\/api.w.org\/{rel}","templated":true}]}}