{"id":1731,"date":"2023-04-19T20:42:19","date_gmt":"2023-04-19T20:42:19","guid":{"rendered":"https:\/\/gaceta.uacj.mx\/fiestadeloslibros\/?page_id=1731"},"modified":"2024-04-18T19:45:28","modified_gmt":"2024-04-18T19:45:28","slug":"antologia2024","status":"publish","type":"page","link":"https:\/\/gaceta.uacj.mx\/fiestadeloslibros\/antologia2024\/","title":{"rendered":"Antolog\u00eda 2024"},"content":{"rendered":"\n<div style=\"height:100px\" aria-hidden=\"true\" class=\"wp-block-spacer\"><\/div>\n\n\n\n<div class=\"wp-block-genesis-blocks-gb-columns gb-layout-columns-3 gb-3-col-equal\"><div class=\"gb-layout-column-wrap gb-block-layout-column-gap-2 gb-is-responsive-column\">\n<div class=\"wp-block-genesis-blocks-gb-column gb-block-layout-column\"><div class=\"gb-block-layout-column-inner\">\n<hr class=\"wp-block-separator has-text-color has-background\" style=\"background-color:#0d4c90;color:#0d4c90\"\/>\n<\/div><\/div>\n\n\n\n<div class=\"wp-block-genesis-blocks-gb-column gb-block-layout-column\"><div class=\"gb-block-layout-column-inner\">\n<div class=\"wp-block-image\"><figure class=\"aligncenter size-large\"><img width=\"1000\" height=\"200\" src=\"https:\/\/gaceta.uacj.mx\/fiestadeloslibros\/wp-content\/uploads\/sites\/3\/2023\/03\/logouacjazulfiesta-2.png\" alt=\"\" class=\"wp-image-1543\" srcset=\"https:\/\/gaceta.uacj.mx\/fiestadeloslibros\/wp-content\/uploads\/sites\/3\/2023\/03\/logouacjazulfiesta-2.png 1000w, https:\/\/gaceta.uacj.mx\/fiestadeloslibros\/wp-content\/uploads\/sites\/3\/2023\/03\/logouacjazulfiesta-2-300x60.png 300w, https:\/\/gaceta.uacj.mx\/fiestadeloslibros\/wp-content\/uploads\/sites\/3\/2023\/03\/logouacjazulfiesta-2-768x154.png 768w, https:\/\/gaceta.uacj.mx\/fiestadeloslibros\/wp-content\/uploads\/sites\/3\/2023\/03\/logouacjazulfiesta-2-600x120.png 600w\" sizes=\"(max-width: 1000px) 100vw, 1000px\" \/><\/figure><\/div>\n<\/div><\/div>\n\n\n\n<div class=\"wp-block-genesis-blocks-gb-column gb-block-layout-column\"><div class=\"gb-block-layout-column-inner\">\n<hr class=\"wp-block-separator has-text-color has-background\" style=\"background-color:#0d4c90;color:#0d4c90\"\/>\n<\/div><\/div>\n<\/div><\/div>\n\n\n\n<div class=\"wp-block-nextend-smartslider3\"><\/div>\n\n\n\n<div style=\"height:1px\" aria-hidden=\"true\" class=\"wp-block-spacer\"><\/div>\n\n\n\n<div style=\"height:13px\" aria-hidden=\"true\" class=\"wp-block-spacer\"><\/div>\n\n\n\n<div style=\"height:23px\" aria-hidden=\"true\" class=\"wp-block-spacer\"><\/div>\n\n\n\n<div class=\"wp-block-genesis-blocks-gb-columns gb-layout-columns-1 one-column\"><div class=\"gb-layout-column-wrap gb-block-layout-column-gap-2 gb-is-responsive-column\">\n<div class=\"wp-block-genesis-blocks-gb-column gb-block-layout-column\"><div class=\"gb-block-layout-column-inner\">\n<div class=\"wp-block-genesis-blocks-gb-columns gb-layout-columns-1 one-column\"><div class=\"gb-layout-column-wrap gb-block-layout-column-gap-2 gb-is-responsive-column\">\n<div class=\"wp-block-genesis-blocks-gb-column gb-block-layout-column\"><div class=\"gb-block-layout-column-inner\">\n<div class=\"wp-block-genesis-blocks-gb-columns gb-layout-columns-1 one-column gb-columns-center aligncenter\"><div class=\"gb-layout-column-wrap gb-block-layout-column-gap-0 gb-is-responsive-column\" style=\"max-width:1200px\">\n<div class=\"wp-block-genesis-blocks-gb-column gb-block-layout-column\"><div class=\"gb-block-layout-column-inner\">\n<div class=\"wp-block-genesis-blocks-gb-columns gb-layout-columns-1 one-column\"><div class=\"gb-layout-column-wrap gb-block-layout-column-gap-2 gb-is-responsive-column\">\n<div class=\"wp-block-genesis-blocks-gb-column gb-block-layout-column\"><div class=\"gb-block-layout-column-inner\">\n<div class=\"wp-block-buttons alignfull is-content-justification-center\">\n<div class=\"wp-block-button is-style-fill\"><a class=\"wp-block-button__link has-text-color has-background\" href=\"https:\/\/gaceta.uacj.mx\/fiestadeloslibros\/inicio3\/\" style=\"border-radius:50px;background-color:#26b6aa;color:#c72c68\" rel=\"noopener\">INICIO<\/a><\/div>\n\n\n\n<div class=\"wp-block-button\"><a class=\"wp-block-button__link has-text-color has-background\" href=\"https:\/\/gaceta.uacj.mx\/fiestadeloslibros\/programa2\/\" style=\"border-radius:50px;background-color:#26b6aa;color:#c72c68\" rel=\"noopener\">Programa<\/a><\/div>\n\n\n\n<div class=\"wp-block-button\"><a class=\"wp-block-button__link has-text-color has-background\" href=\"https:\/\/gaceta.uacj.mx\/fiestadeloslibros\/hablemosdelibros\/\" style=\"border-radius:50px;background-color:#26b6aa;color:#c72c68\" rel=\"noopener\">Hablemos de libros<\/a><\/div>\n\n\n\n<div class=\"wp-block-button\"><a class=\"wp-block-button__link has-text-color has-background\" href=\"https:\/\/gaceta.uacj.mx\/fiestadeloslibros\/antologia2024\/\" style=\"border-radius:50px;background-color:#26b6aa;color:#c72c68\" rel=\"noopener\">Antolog\u00eda Lee y Sue\u00f1a<\/a><\/div>\n\n\n\n<div class=\"wp-block-button\"><a class=\"wp-block-button__link has-text-color has-background\" href=\"https:\/\/gaceta.uacj.mx\/fiestadeloslibros\/actividadesartisticas5\/\" style=\"border-radius:50px;background-color:#26b6aa;color:#c72c68\" rel=\"noopener\">Actividades Art\u00edsticas<\/a><\/div>\n\n\n\n<div class=\"wp-block-button is-style-fill\"><a class=\"wp-block-button__link has-text-color has-background\" href=\"https:\/\/gaceta.uacj.mx\/fiestadeloslibros\/cineuniversitario6\/\" style=\"border-radius:50px;background-color:#26b6aa;color:#c72c68\" rel=\"noopener\">Cine Universitario<\/a><\/div>\n<\/div>\n<\/div><\/div>\n<\/div><\/div>\n<\/div><\/div>\n<\/div><\/div>\n\n\n\n<p><\/p>\n<\/div><\/div>\n<\/div><\/div>\n\n\n\n<p><\/p>\n<\/div><\/div>\n<\/div><\/div>\n\n\n\n<div style=\"height:29px\" aria-hidden=\"true\" class=\"wp-block-spacer\"><\/div>\n\n\n\n<div class=\"wp-block-genesis-blocks-gb-container gb-block-container\"><div class=\"gb-container-inside\"><div class=\"gb-container-content\"><\/div><\/div><\/div>\n\n\n\n<div class=\"wp-block-genesis-blocks-gb-columns gb-layout-team-1 gb-layout-columns-1 one-column gb-has-background-dim gb-has-background-dim-50 gb-background-cover gb-background-no-repeat gb-has-custom-background-color gb-columns-center alignfull\" style=\"padding-right:5%;padding-bottom:15%;padding-left:5%;background-color:#26b6aa;background-image:url(https:\/\/gaceta.uacj.mx\/fiestadeloslibros\/wp-content\/uploads\/sites\/3\/2024\/04\/fondofiesta24-2.png)\"><div class=\"gb-layout-column-wrap gb-block-layout-column-gap-2 gb-is-responsive-column\" style=\"max-width:1200px\">\n<div class=\"wp-block-genesis-blocks-gb-column gb-block-layout-column gb-is-vertically-aligned-bottom\"><div class=\"gb-block-layout-column-inner\" style=\"padding-top:9px\">\n<div class=\"wp-block-genesis-blocks-gb-container gb-block-container\"><div class=\"gb-container-inside\"><div class=\"gb-container-content\"><\/div><\/div><\/div>\n\n\n\n<div class=\"wp-block-genesis-blocks-gb-columns gb-layout-columns-2 gb-2-col-wideleft\"><div class=\"gb-layout-column-wrap gb-block-layout-column-gap-2 gb-is-responsive-column\">\n<div class=\"wp-block-genesis-blocks-gb-column gb-block-layout-column\"><div class=\"gb-block-layout-column-inner\" style=\"padding-left:59px;text-align:center\">\n<div style=\"height:36px\" aria-hidden=\"true\" class=\"wp-block-spacer\"><\/div>\n\n\n\n<div class=\"wp-block-image is-style-rounded\"><figure class=\"aligncenter size-large\"><img width=\"1024\" height=\"674\" src=\"https:\/\/gaceta.uacj.mx\/fiestadeloslibros\/wp-content\/uploads\/sites\/3\/2024\/04\/fondopaloma-2-1024x674-1.jpg\" alt=\"\" class=\"wp-image-2016\" srcset=\"https:\/\/gaceta.uacj.mx\/fiestadeloslibros\/wp-content\/uploads\/sites\/3\/2024\/04\/fondopaloma-2-1024x674-1.jpg 1024w, https:\/\/gaceta.uacj.mx\/fiestadeloslibros\/wp-content\/uploads\/sites\/3\/2024\/04\/fondopaloma-2-1024x674-1-300x197.jpg 300w, https:\/\/gaceta.uacj.mx\/fiestadeloslibros\/wp-content\/uploads\/sites\/3\/2024\/04\/fondopaloma-2-1024x674-1-768x506.jpg 768w, https:\/\/gaceta.uacj.mx\/fiestadeloslibros\/wp-content\/uploads\/sites\/3\/2024\/04\/fondopaloma-2-1024x674-1-600x395.jpg 600w\" sizes=\"(max-width: 1024px) 100vw, 1024px\" \/><\/figure><\/div>\n<\/div><\/div>\n\n\n\n<div class=\"wp-block-genesis-blocks-gb-column gb-block-layout-column\"><div class=\"gb-block-layout-column-inner\" style=\"text-align:center\"><div class=\"real3dflipbook\" id=\"3_69f5a0e2d7cf6\" style=\"position:absolute;\" data-flipbook-options=\"{&quot;mode&quot;:&quot;lightbox&quot;,&quot;viewMode&quot;:&quot;webgl&quot;,&quot;pageTextureSize&quot;:&quot;2048&quot;,&quot;zoomMin&quot;:&quot;0.9&quot;,&quot;zoomStep&quot;:&quot;2&quot;,&quot;singlePageMode&quot;:&quot;false&quot;,&quot;pageFlipDuration&quot;:&quot;1&quot;,&quot;sound&quot;:&quot;true&quot;,&quot;startPage&quot;:&quot;1&quot;,&quot;deeplinking&quot;:{&quot;enabled&quot;:&quot;false&quot;,&quot;prefix&quot;:&quot;&quot;},&quot;responsiveView&quot;:&quot;true&quot;,&quot;responsiveViewTreshold&quot;:&quot;768&quot;,&quot;textLayer&quot;:&quot;false&quot;,&quot;pdfPageScale&quot;:&quot;&quot;,&quot;height&quot;:&quot;400&quot;,&quot;responsiveHeight&quot;:&quot;true&quot;,&quot;aspectRatio&quot;:&quot;2&quot;,&quot;thumbnailsOnStart&quot;:&quot;false&quot;,&quot;contentOnStart&quot;:&quot;false&quot;,&quot;tableOfContentCloseOnClick&quot;:&quot;true&quot;,&quot;thumbsCloseOnClick&quot;:&quot;true&quot;,&quot;autoplayOnStart&quot;:&quot;false&quot;,&quot;autoplayInterval&quot;:&quot;3000&quot;,&quot;autoplayStartPage&quot;:&quot;1&quot;,&quot;autoplayLoop&quot;:&quot;true&quot;,&quot;rightToLeft&quot;:&quot;false&quot;,&quot;pageWidth&quot;:&quot;&quot;,&quot;pageHeight&quot;:&quot;&quot;,&quot;thumbSize&quot;:&quot;130&quot;,&quot;logoImg&quot;:&quot;&quot;,&quot;logoUrl&quot;:&quot;&quot;,&quot;logoCSS&quot;:&quot;position:absolute;left:0;top:0;&quot;,&quot;menuSelector&quot;:&quot;&quot;,&quot;zIndex&quot;:&quot;auto&quot;,&quot;preloaderText&quot;:&quot;&quot;,&quot;googleAnalyticsTrackingCode&quot;:&quot;&quot;,&quot;pdfBrowserViewerIfIE&quot;:&quot;false&quot;,&quot;viewModeMobile&quot;:&quot;&quot;,&quot;pageTextureSizeMobile&quot;:&quot;&quot;,&quot;aspectRatioMobile&quot;:&quot;&quot;,&quot;singlePageModeIfMobile&quot;:&quot;false&quot;,&quot;pdfBrowserViewerIfMobile&quot;:&quot;false&quot;,&quot;pdfBrowserViewerFullscreen&quot;:&quot;true&quot;,&quot;pdfBrowserViewerFullscreenTarget&quot;:&quot;_blank&quot;,&quot;btnTocIfMobile&quot;:&quot;true&quot;,&quot;btnThumbsIfMobile&quot;:&quot;true&quot;,&quot;btnShareIfMobile&quot;:&quot;false&quot;,&quot;btnDownloadPagesIfMobile&quot;:&quot;true&quot;,&quot;btnDownloadPdfIfMobile&quot;:&quot;true&quot;,&quot;btnSoundIfMobile&quot;:&quot;false&quot;,&quot;btnExpandIfMobile&quot;:&quot;true&quot;,&quot;btnPrintIfMobile&quot;:&quot;false&quot;,&quot;logoHideOnMobile&quot;:&quot;false&quot;,&quot;mobile&quot;:{&quot;thumbnailsOnStart&quot;:&quot;false&quot;,&quot;contentOnStart&quot;:&quot;false&quot;},&quot;lightboxCSS&quot;:&quot;&quot;,&quot;lightboxBackground&quot;:&quot;#26b6aa&quot;,&quot;lightboxContainerCSS&quot;:&quot;display:inline-block;padding:10px;&quot;,&quot;lightboxThumbnailHeight&quot;:&quot;150&quot;,&quot;lightboxThumbnailUrlCSS&quot;:&quot;display:block;&quot;,&quot;lightboxThumbnailInfo&quot;:&quot;false&quot;,&quot;lightboxThumbnailInfoText&quot;:&quot;&quot;,&quot;lightboxThumbnailInfoCSS&quot;:&quot;top: 0;  width: 100%; height: 100%; font-size: 16px; color: #000; background: rgba(255,255,255,.8); &quot;,&quot;lightboxText&quot;:&quot;&quot;,&quot;lightboxTextCSS&quot;:&quot;display:block;&quot;,&quot;lightboxTextPosition&quot;:&quot;top&quot;,&quot;lightBoxOpened&quot;:&quot;false&quot;,&quot;lightBoxFullscreen&quot;:&quot;false&quot;,&quot;lightboxCloseOnClick&quot;:&quot;false&quot;,&quot;lightboxMarginV&quot;:&quot;0&quot;,&quot;lightboxMarginH&quot;:&quot;0&quot;,&quot;lights&quot;:&quot;true&quot;,&quot;lightPositionX&quot;:&quot;0&quot;,&quot;lightPositionY&quot;:&quot;150&quot;,&quot;lightPositionZ&quot;:&quot;1400&quot;,&quot;lightIntensity&quot;:&quot;0.6&quot;,&quot;shadows&quot;:&quot;true&quot;,&quot;shadowMapSize&quot;:&quot;2048&quot;,&quot;shadowOpacity&quot;:&quot;0.2&quot;,&quot;shadowDistance&quot;:&quot;15&quot;,&quot;pageHardness&quot;:&quot;2&quot;,&quot;coverHardness&quot;:&quot;2&quot;,&quot;pageRoughness&quot;:&quot;1&quot;,&quot;pageMetalness&quot;:&quot;0&quot;,&quot;pageSegmentsW&quot;:&quot;6&quot;,&quot;pageSegmentsH&quot;:&quot;1&quot;,&quot;pageMiddleShadowSize&quot;:&quot;2&quot;,&quot;pageMiddleShadowColorL&quot;:&quot;#999999&quot;,&quot;pageMiddleShadowColorR&quot;:&quot;#777777&quot;,&quot;antialias&quot;:&quot;false&quot;,&quot;pan&quot;:&quot;0&quot;,&quot;tilt&quot;:&quot;0&quot;,&quot;rotateCameraOnMouseDrag&quot;:&quot;true&quot;,&quot;panMax&quot;:&quot;20&quot;,&quot;panMin&quot;:&quot;-20&quot;,&quot;tiltMax&quot;:&quot;0&quot;,&quot;tiltMin&quot;:&quot;-60&quot;,&quot;currentPage&quot;:{&quot;enabled&quot;:&quot;true&quot;,&quot;title&quot;:&quot;Current page&quot;,&quot;hAlign&quot;:&quot;left&quot;,&quot;vAlign&quot;:&quot;top&quot;},&quot;btnAutoplay&quot;:{&quot;enabled&quot;:&quot;true&quot;,&quot;icon&quot;:&quot;fa-play&quot;,&quot;iconAlt&quot;:&quot;fa-pause&quot;,&quot;icon2&quot;:&quot;play_arrow&quot;,&quot;iconAlt2&quot;:&quot;pause&quot;,&quot;title&quot;:&quot;Autoplay&quot;},&quot;btnNext&quot;:{&quot;enabled&quot;:&quot;true&quot;,&quot;icon&quot;:&quot;fa-chevron-right&quot;,&quot;icon2&quot;:&quot;chevron_right&quot;,&quot;title&quot;:&quot;Next Page&quot;},&quot;btnLast&quot;:{&quot;enabled&quot;:&quot;false&quot;,&quot;icon&quot;:&quot;fa-angle-double-right&quot;,&quot;icon2&quot;:&quot;last_page&quot;,&quot;title&quot;:&quot;Last Page&quot;},&quot;btnPrev&quot;:{&quot;enabled&quot;:&quot;true&quot;,&quot;icon&quot;:&quot;fa-chevron-left&quot;,&quot;icon2&quot;:&quot;chevron_left&quot;,&quot;title&quot;:&quot;Previous Page&quot;},&quot;btnFirst&quot;:{&quot;enabled&quot;:&quot;false&quot;,&quot;icon&quot;:&quot;fa-angle-double-left&quot;,&quot;icon2&quot;:&quot;first_page&quot;,&quot;title&quot;:&quot;First Page&quot;},&quot;btnZoomIn&quot;:{&quot;enabled&quot;:&quot;true&quot;,&quot;icon&quot;:&quot;fa-plus&quot;,&quot;icon2&quot;:&quot;zoom_in&quot;,&quot;title&quot;:&quot;Zoom in&quot;},&quot;btnZoomOut&quot;:{&quot;enabled&quot;:&quot;true&quot;,&quot;icon&quot;:&quot;fa-minus&quot;,&quot;icon2&quot;:&quot;zoom_out&quot;,&quot;title&quot;:&quot;Zoom out&quot;},&quot;btnToc&quot;:{&quot;enabled&quot;:&quot;true&quot;,&quot;icon&quot;:&quot;fa-list-ol&quot;,&quot;icon2&quot;:&quot;toc&quot;,&quot;title&quot;:&quot;Table of Contents&quot;},&quot;btnThumbs&quot;:{&quot;enabled&quot;:&quot;true&quot;,&quot;icon&quot;:&quot;fa-th-large&quot;,&quot;icon2&quot;:&quot;view_module&quot;,&quot;title&quot;:&quot;Pages&quot;},&quot;btnShare&quot;:{&quot;enabled&quot;:&quot;true&quot;,&quot;icon&quot;:&quot;fa-share-alt&quot;,&quot;icon2&quot;:&quot;share&quot;,&quot;title&quot;:&quot;Share&quot;},&quot;btnDownloadPages&quot;:{&quot;enabled&quot;:&quot;false&quot;,&quot;url&quot;:&quot;&quot;,&quot;icon&quot;:&quot;fa-download&quot;,&quot;icon2&quot;:&quot;file_download&quot;,&quot;title&quot;:&quot;Download pages&quot;},&quot;btnDownloadPdf&quot;:{&quot;enabled&quot;:&quot;false&quot;,&quot;url&quot;:&quot;&quot;,&quot;icon&quot;:&quot;fa-file&quot;,&quot;icon2&quot;:&quot;picture_as_pdf&quot;,&quot;title&quot;:&quot;Download PDF&quot;,&quot;forceDownload&quot;:&quot;true&quot;,&quot;openInNewWindow&quot;:&quot;true&quot;},&quot;btnSound&quot;:{&quot;enabled&quot;:&quot;true&quot;,&quot;icon&quot;:&quot;fa-volume-up&quot;,&quot;iconAlt&quot;:&quot;fa-volume-off&quot;,&quot;icon2&quot;:&quot;volume_up&quot;,&quot;iconAlt2&quot;:&quot;volume_mute&quot;,&quot;title&quot;:&quot;Sound&quot;},&quot;btnExpand&quot;:{&quot;enabled&quot;:&quot;true&quot;,&quot;icon&quot;:&quot;fa-expand&quot;,&quot;iconAlt&quot;:&quot;fa-compress&quot;,&quot;icon2&quot;:&quot;fullscreen&quot;,&quot;iconAlt2&quot;:&quot;fullscreen_exit&quot;,&quot;title&quot;:&quot;Toggle fullscreen&quot;},&quot;btnSelect&quot;:{&quot;enabled&quot;:&quot;true&quot;,&quot;icon&quot;:&quot;fas fa-i-cursor&quot;,&quot;icon2&quot;:&quot;text_format&quot;,&quot;title&quot;:&quot;Select tool&quot;},&quot;btnSearch&quot;:{&quot;enabled&quot;:&quot;false&quot;,&quot;icon&quot;:&quot;fas fa-search&quot;,&quot;icon2&quot;:&quot;search&quot;,&quot;title&quot;:&quot;Search&quot;},&quot;btnBookmark&quot;:{&quot;enabled&quot;:&quot;false&quot;,&quot;icon&quot;:&quot;fas fa-bookmark&quot;,&quot;icon2&quot;:&quot;bookmark&quot;,&quot;title&quot;:&quot;Bookmark&quot;},&quot;btnPrint&quot;:{&quot;enabled&quot;:&quot;true&quot;,&quot;icon&quot;:&quot;fa-print&quot;,&quot;icon2&quot;:&quot;print&quot;,&quot;title&quot;:&quot;Print&quot;},&quot;btnClose&quot;:{&quot;enabled&quot;:&quot;true&quot;},&quot;google_plus&quot;:{&quot;enabled&quot;:&quot;true&quot;,&quot;url&quot;:&quot;&quot;},&quot;twitter&quot;:{&quot;enabled&quot;:&quot;true&quot;,&quot;url&quot;:&quot;&quot;,&quot;description&quot;:&quot;&quot;},&quot;facebook&quot;:{&quot;enabled&quot;:&quot;true&quot;,&quot;url&quot;:&quot;&quot;,&quot;description&quot;:&quot;&quot;,&quot;title&quot;:&quot;&quot;,&quot;image&quot;:&quot;&quot;,&quot;caption&quot;:&quot;&quot;},&quot;pinterest&quot;:{&quot;enabled&quot;:&quot;true&quot;,&quot;url&quot;:&quot;&quot;,&quot;image&quot;:&quot;&quot;,&quot;description&quot;:&quot;&quot;},&quot;email&quot;:{&quot;enabled&quot;:&quot;true&quot;,&quot;url&quot;:&quot;&quot;,&quot;description&quot;:&quot;&quot;},&quot;theme&quot;:&quot;default&quot;,&quot;skin&quot;:&quot;light&quot;,&quot;useFontAwesome5&quot;:&quot;true&quot;,&quot;sideNavigationButtons&quot;:&quot;true&quot;,&quot;backgroundColor&quot;:&quot;rgb(81, 85, 88)&quot;,&quot;backgroundPattern&quot;:&quot;&quot;,&quot;backgroundTransparent&quot;:&quot;false&quot;,&quot;menuBackground&quot;:&quot;&quot;,&quot;menuShadow&quot;:&quot;&quot;,&quot;menuMargin&quot;:&quot;0&quot;,&quot;menuPadding&quot;:&quot;0&quot;,&quot;menuOverBook&quot;:&quot;false&quot;,&quot;menuFloating&quot;:&quot;false&quot;,&quot;menuTransparent&quot;:&quot;false&quot;,&quot;menu2Background&quot;:&quot;&quot;,&quot;menu2Shadow&quot;:&quot;&quot;,&quot;menu2Margin&quot;:&quot;0&quot;,&quot;menu2Padding&quot;:&quot;0&quot;,&quot;menu2OverBook&quot;:&quot;true&quot;,&quot;menu2Floating&quot;:&quot;false&quot;,&quot;menu2Transparent&quot;:&quot;true&quot;,&quot;skinColor&quot;:&quot;&quot;,&quot;skinBackground&quot;:&quot;&quot;,&quot;hideMenu&quot;:&quot;false&quot;,&quot;menuAlignHorizontal&quot;:&quot;center&quot;,&quot;btnColor&quot;:&quot;&quot;,&quot;btnBackground&quot;:&quot;none&quot;,&quot;btnRadius&quot;:&quot;0&quot;,&quot;btnMargin&quot;:&quot;0&quot;,&quot;btnSize&quot;:&quot;14&quot;,&quot;btnPaddingV&quot;:&quot;10&quot;,&quot;btnPaddingH&quot;:&quot;10&quot;,&quot;btnShadow&quot;:&quot;&quot;,&quot;btnTextShadow&quot;:&quot;&quot;,&quot;btnBorder&quot;:&quot;&quot;,&quot;sideBtnColor&quot;:&quot;#fff&quot;,&quot;sideBtnBackground&quot;:&quot;rgba(0,0,0,.3)&quot;,&quot;sideBtnRadius&quot;:&quot;0&quot;,&quot;sideBtnMargin&quot;:&quot;0&quot;,&quot;sideBtnSize&quot;:&quot;30&quot;,&quot;sideBtnPaddingV&quot;:&quot;5&quot;,&quot;sideBtnPaddingH&quot;:&quot;5&quot;,&quot;sideBtnShadow&quot;:&quot;&quot;,&quot;sideBtnTextShadow&quot;:&quot;&quot;,&quot;sideBtnBorder&quot;:&quot;&quot;,&quot;closeBtnColor&quot;:&quot;#FFF&quot;,&quot;closeBtnBackground&quot;:&quot;rgba(0,0,0,.4)&quot;,&quot;closeBtnRadius&quot;:&quot;0&quot;,&quot;closeBtnMargin&quot;:&quot;0&quot;,&quot;closeBtnSize&quot;:&quot;20&quot;,&quot;closeBtnPadding&quot;:&quot;5&quot;,&quot;closeBtnTextShadow&quot;:&quot;&quot;,&quot;closeBtnBorder&quot;:&quot;&quot;,&quot;currentPageMarginV&quot;:&quot;5&quot;,&quot;currentPageMarginH&quot;:&quot;5&quot;,&quot;arrowsAlwaysEnabledForNavigation&quot;:&quot;false&quot;,&quot;strings&quot;:{&quot;print&quot;:&quot;Print&quot;,&quot;printLeftPage&quot;:&quot;Print left page&quot;,&quot;printRightPage&quot;:&quot;Print right page&quot;,&quot;printCurrentPage&quot;:&quot;Print current page&quot;,&quot;printAllPages&quot;:&quot;Print all pages&quot;,&quot;download&quot;:&quot;Download&quot;,&quot;downloadLeftPage&quot;:&quot;Download left page&quot;,&quot;downloadRightPage&quot;:&quot;Download right page&quot;,&quot;downloadCurrentPage&quot;:&quot;Download current page&quot;,&quot;downloadAllPages&quot;:&quot;Download all pages&quot;,&quot;bookmarks&quot;:&quot;Bookmarks&quot;,&quot;bookmarkLeftPage&quot;:&quot;Bookmark left page&quot;,&quot;bookmarkRightPage&quot;:&quot;Bookmark right page&quot;,&quot;bookmarkCurrentPage&quot;:&quot;Bookmark current page&quot;,&quot;search&quot;:&quot;Search&quot;,&quot;findInDocument&quot;:&quot;Find in document&quot;,&quot;pagesFoundContaining&quot;:&quot;pages found containing&quot;,&quot;thumbnails&quot;:&quot;Thumbnails&quot;,&quot;tableOfContent&quot;:&quot;Table of Contents&quot;,&quot;share&quot;:&quot;Share&quot;,&quot;pressEscToClose&quot;:&quot;Press ESC to close&quot;},&quot;action&quot;:&quot;r3d_save&quot;,&quot;name&quot;:&quot;Antolog\\u00eda Lee y Sue\\u00f1a 2024&quot;,&quot;pdfUrl&quot;:&quot;https:\\\/\\\/gaceta.uacj.mx\\\/fiestadeloslibros\\\/wp-content\\\/uploads\\\/sites\\\/3\\\/2024\\\/04\\\/AntologiaLeeySuen\\u0303a2024.pdf&quot;,&quot;lightboxThumbnailUrl&quot;:&quot;https:\\\/\\\/gaceta.uacj.mx\\\/fiestadeloslibros\\\/wp-content\\\/uploads\\\/sites\\\/3\\\/2024\\\/04\\\/Leeysuen\\u0303a2024.jpg&quot;,&quot;bookId&quot;:&quot;3&quot;,&quot;security&quot;:&quot;96a9a10378&quot;,&quot;id&quot;:&quot;3&quot;,&quot;date&quot;:&quot;2024-04-17 21:38:42&quot;,&quot;pages&quot;:[],&quot;tableOfContent&quot;:[],&quot;rootFolder&quot;:&quot;https:\\\/\\\/gaceta.uacj.mx\\\/fiestadeloslibros\\\/wp-content\\\/plugins\\\/real3d-flipbook\\\/&quot;,&quot;uniqueId&quot;:&quot;3_69f5a0e2d7cf6&quot;}\"><\/div>\n\n\n\n<div class=\"wp-block-ive-ibtana-visual-editorbtn btn-inner-wrap ive-btn-main-parent_3f57a2-cf\"><div class=\"ive-btn-wrap ive-btn-unique_3f57a2-cf undefined ive-btn-wrap-0 ive-btn-align  text-center text-sm-center text-lg-center text-xl-center \"><a class=\"anchrstyle ive-button-ad_3f57a2-cf ive-button-0 ive-btn-0-action ive-btn-svg-showalways ive-btn-has-text-true\" href=\"https:\/\/gaceta.uacj.mx\/fiestadeloslibros\/wp-content\/uploads\/sites\/3\/2024\/04\/AntologiaLeeySuen\u0303a2024.pdf\" target=\"_blank\" rel=\"noreferrer noopener\"><span class=\"ive-btn-inner-text\">Descargar PDF<\/span><\/a><\/div><\/div>\n<\/div><\/div>\n<\/div><\/div>\n<\/div><\/div>\n<\/div><\/div>\n\n\n\n<div class=\"wp-block-genesis-blocks-gb-columns gb-layout-columns-1 one-column\"><div class=\"gb-layout-column-wrap gb-block-layout-column-gap-2 gb-is-responsive-column\">\n<div class=\"wp-block-genesis-blocks-gb-column gb-block-layout-column\"><div class=\"gb-block-layout-column-inner\">\n<p><\/p>\n<\/div><\/div>\n<\/div><\/div>\n","protected":false},"excerpt":{"rendered":"INICIO Programa Hablemos de libros Antolog\u00eda Lee y Sue\u00f1a Actividades Art\u00edsticas Cine Universitario Descargar PDF","protected":false},"author":2,"featured_media":0,"parent":0,"menu_order":0,"comment_status":"closed","ping_status":"closed","template":"","meta":{"_regular_price":[],"currency_symbol":[]},"post_slider_layout_featured_media_urls":{"thumbnail":"","post_slider_layout_landscape_large":"","post_slider_layout_portrait_large":"","post_slider_layout_square_large":"","post_slider_layout_landscape":"","post_slider_layout_portrait":"","post_slider_layout_square":"","full":""},"featured_image_src":null,"featured_image_src_square":null,"uagb_featured_image_src":{"full":false,"thumbnail":false,"medium":false,"medium_large":false,"large":false,"1536x1536":false,"2048x2048":false,"post_slider_layout_landscape_large":false,"post_slider_layout_portrait_large":false,"post_slider_layout_square_large":false,"post_slider_layout_landscape":false,"post_slider_layout_portrait":false,"post_slider_layout_square":false,"gb-block-post-grid-landscape":false,"gb-block-post-grid-square":false,"cptm_icon":false,"woocommerce_thumbnail":false,"woocommerce_single":false,"woocommerce_gallery_thumbnail":false,"shop_catalog":false,"shop_single":false,"shop_thumbnail":false},"uagb_author_info":{"display_name":"Redacci\u00f3n","author_link":"https:\/\/gaceta.uacj.mx\/fiestadeloslibros\/author\/melopez\/"},"uagb_comment_info":0,"uagb_excerpt":null,"_links":{"self":[{"href":"https:\/\/gaceta.uacj.mx\/fiestadeloslibros\/wp-json\/wp\/v2\/pages\/1731"}],"collection":[{"href":"https:\/\/gaceta.uacj.mx\/fiestadeloslibros\/wp-json\/wp\/v2\/pages"}],"about":[{"href":"https:\/\/gaceta.uacj.mx\/fiestadeloslibros\/wp-json\/wp\/v2\/types\/page"}],"author":[{"embeddable":true,"href":"https:\/\/gaceta.uacj.mx\/fiestadeloslibros\/wp-json\/wp\/v2\/users\/2"}],"replies":[{"embeddable":true,"href":"https:\/\/gaceta.uacj.mx\/fiestadeloslibros\/wp-json\/wp\/v2\/comments?post=1731"}],"version-history":[{"count":33,"href":"https:\/\/gaceta.uacj.mx\/fiestadeloslibros\/wp-json\/wp\/v2\/pages\/1731\/revisions"}],"predecessor-version":[{"id":2254,"href":"https:\/\/gaceta.uacj.mx\/fiestadeloslibros\/wp-json\/wp\/v2\/pages\/1731\/revisions\/2254"}],"wp:attachment":[{"href":"https:\/\/gaceta.uacj.mx\/fiestadeloslibros\/wp-json\/wp\/v2\/media?parent=1731"}],"curies":[{"name":"wp","href":"https:\/\/api.w.org\/{rel}","templated":true}]}}